{"id":2,"date":"2020-11-04T13:43:43","date_gmt":"2020-11-04T18:43:43","guid":{"rendered":"https:\/\/shalouka-distribution.com\/cdf-edlm\/?page_id=2"},"modified":"2023-11-03T23:43:10","modified_gmt":"2023-11-04T03:43:10","slug":"sample-page","status":"publish","type":"page","link":"https:\/\/shalouka-distribution.com\/cdf-edlm\/","title":{"rendered":"Boutique"},"content":{"rendered":"<h2>Informations importantes \u00e0 lire avant de commander<\/h2>\r\n<p><strong>GRANDEURS : <\/strong>Assurez-vous de mesurer votre enfant et de vous r\u00e9f\u00e9rer au tableau des tailles sur chaque v\u00eatement avant de commander.<span style=\"color: #ff0000;\"> Il n&rsquo;y aura pas d&rsquo;\u00e9change.<\/span><\/p>\r\n<p><strong>VARIATIONS<\/strong> : Toutes les images du site Web sont des maquettes qui montrent comment les produits seront imprim\u00e9s ou brod\u00e9s. L\u2019impression ou la broderie r\u00e9elle sur le v\u00eatement peut \u00eatre diff\u00e9rente en position ou en taille. La couleur du textile peut varier ou \u00eatre diff\u00e9rente de ce que vous voyez \u00e0 l\u2019\u00e9cran. Le style ou la coupe du v\u00eatement variera selon la marque et la composition du textile. Nous pouvons choisir de remplacer le mod\u00e8le de v\u00eatement par un similaire sans pr\u00e9avis.<\/p>\r\n<p><strong>COMMANDE<\/strong> : Toutes les commandes sont personnalis\u00e9es et d\u00e9finitives. Aucune modification ne peut \u00eatre apport\u00e9e ult\u00e9rieurement ou aucun \u00e9change en raison de la taille qui ne convient pas ne sera accept\u00e9. La responsabilit\u00e9 de commander la bonne taille incombe au client.<\/p>\r\n<p><strong>PAIEMENT<\/strong> : Lorsque vous avez command\u00e9 et pay\u00e9, il n\u2019y a aucun remboursement. La commande est d\u00e9finitive. Shalouka promotions garantie que nous v\u00e9rifierons et livrerons exactement ce que vous commandez. Lorsque vous recevrez votre commande \u00e0 l\u2019\u00e9cole, vous devrez vous assurer qu\u2019elle est compl\u00e8te et conforme \u00e0 la demande.<\/p>\r\n<p><strong>CALENDRIER<\/strong><\/p>\r\n<ul>\r\n<li>D\u00e9but de la vente : 5 octobre 2023<\/li>\r\n<li>Fin de la vente : 3 novembre 2023<\/li>\r\n<li>Livraison \u00e0 l&rsquo;\u00e9cole : d\u00e9cembre 2023<\/li>\r\n<\/ul>\r\n<h2><!-- \/wp:post-content --><\/h2>\r\n<!-- wp:paragraph \/-->\r\n\r\n<!-- wp:paragraph \/-->\r\n\r\n<!-- wp:paragraph -->\r\n<div class=\"mam\"><b>Si vous \u00e9prouvez des difficult\u00e9s pour commander ou si vous avez des question<\/b> Support technique :<a href=\"mailto:info@studioteknik.com\"> info@studioteknik.com<\/a> \u2022 514-222-1070<\/div>\r\n<h2>Il vous reste pour commander :<\/h2>\r\n<div><\/div>\r\n<div>\u00a0<\/div>\r\n<div>\r\n<h2>Comment trouver la bonne taille ?<\/h2>\r\n<ol>\r\n<li>Trouvez un v\u00eatement similaire qui fait d\u00e9j\u00e0 bien \u00e0 votre enfant<\/li>\r\n<li>Mettre \u00e0 plat et mesurer la largeur<\/li>\r\n<li>Aller au tableau et trouver la mesure<\/li>\r\n<li>Commandez la taille de la mesure correspondante<\/li>\r\n<\/ol>\r\n<p><strong>Dans cet exemple, vous devez commander le t-shirt en taille adulte large<\/strong><\/p>\r\n<p><img loading=\"lazy\" decoding=\"async\" class=\"alignnone size-full wp-image-1036\" src=\"https:\/\/shalouka-distribution.com\/csa\/wp-content\/uploads\/sites\/3\/2023\/10\/Mesure-Chandail.jpg\" alt=\"\" width=\"1200\" height=\"1452\" \/><\/p>\r\n<p><img loading=\"lazy\" decoding=\"async\" class=\"alignnone size-full wp-image-1035\" src=\"https:\/\/shalouka-distribution.com\/csa\/wp-content\/uploads\/sites\/3\/2023\/10\/Sizing-Imageversion-3.jpg\" alt=\"\" width=\"1000\" height=\"1622\" \/><\/p>\r\n<\/div>\r\n<div>\u00a0<\/div>\r\n<p>&nbsp;<\/p>\r\n<div id=\"_jt_product_table_shortcode\" class=\"postbox  jt-product-table-shortcode\">\r\n<div class=\"inside\">\r\n<div class=\"csf csf-metabox csf-theme-light\">\r\n<div class=\"csf-wrapper csf-show-all\">\r\n<div class=\"csf-content\">\r\n<div class=\"csf-sections\">\r\n<div class=\"csf-section hidden csf-onload\">\r\n<div class=\"csf-field csf-field-subheading\">\r\n<div class=\"clear\">\u00a0<\/div>\r\n<\/div>\r\n<\/div>\r\n<\/div>\r\n<\/div>\r\n<div class=\"clear\">\u00a0<\/div>\r\n<\/div>\r\n<\/div>\r\n<\/div>\r\n<\/div>\r\n<div id=\"_jt_product_table_advertising\" class=\"postbox  jt-product-table-advertising\">\r\n<div class=\"inside\">\r\n<div class=\"csf csf-metabox csf-theme-light\">\r\n<div class=\"csf-wrapper csf-show-all\">\r\n<div class=\"csf-content\">\r\n<div class=\"csf-sections\">\r\n<div class=\"csf-section hidden csf-onload\">\r\n<div class=\"csf-field csf-field-content\">\r\n<div class=\"jt-product-table-advertising-wrapper\">\u00a0<\/div>\r\n<\/div>\r\n<\/div>\r\n<\/div>\r\n<\/div>\r\n<\/div>\r\n<\/div>\r\n<\/div>\r\n<\/div>","protected":false},"excerpt":{"rendered":"<p>Informations importantes \u00e0 lire avant de commander GRANDEURS : Assurez-vous de mesurer votre enfant et de vous r\u00e9f\u00e9rer au tableau&hellip;<\/p>\n","protected":false},"author":1,"featured_media":0,"parent":0,"menu_order":0,"comment_status":"closed","ping_status":"closed","template":"","meta":{"footnotes":""},"class_list":["post-2","page","type-page","status-publish","hentry"],"_links":{"self":[{"href":"https:\/\/shalouka-distribution.com\/cdf-edlm\/wp-json\/wp\/v2\/pages\/2","targetHints":{"allow":["GET"]}}],"collection":[{"href":"https:\/\/shalouka-distribution.com\/cdf-edlm\/wp-json\/wp\/v2\/pages"}],"about":[{"href":"https:\/\/shalouka-distribution.com\/cdf-edlm\/wp-json\/wp\/v2\/types\/page"}],"author":[{"embeddable":true,"href":"https:\/\/shalouka-distribution.com\/cdf-edlm\/wp-json\/wp\/v2\/users\/1"}],"replies":[{"embeddable":true,"href":"https:\/\/shalouka-distribution.com\/cdf-edlm\/wp-json\/wp\/v2\/comments?post=2"}],"version-history":[{"count":39,"href":"https:\/\/shalouka-distribution.com\/cdf-edlm\/wp-json\/wp\/v2\/pages\/2\/revisions"}],"predecessor-version":[{"id":960,"href":"https:\/\/shalouka-distribution.com\/cdf-edlm\/wp-json\/wp\/v2\/pages\/2\/revisions\/960"}],"wp:attachment":[{"href":"https:\/\/shalouka-distribution.com\/cdf-edlm\/wp-json\/wp\/v2\/media?parent=2"}],"curies":[{"name":"wp","href":"https:\/\/api.w.org\/{rel}","templated":true}]}}