{"id":1068,"date":"2023-10-04T14:08:19","date_gmt":"2023-10-04T18:08:19","guid":{"rendered":"https:\/\/shalouka-distribution.com\/epav\/?post_type=product&#038;p=1068"},"modified":"2023-10-10T15:00:03","modified_gmt":"2023-10-10T19:00:03","slug":"chandail-a-capuchon-en-molleton","status":"publish","type":"product","link":"https:\/\/shalouka-distribution.com\/epav\/product\/chandail-a-capuchon-en-molleton\/","title":{"rendered":"CHANDAIL \u00c0 CAPUCHON EN MOLLETON"},"content":{"rendered":"<div class=\"product info detailed collateral-container\">\n<div class=\"product data items show-tabs mage-tabs-disabled\" role=\"tablist\">\n<div id=\"description\" class=\"data item content\" role=\"tabpanel\" data-role=\"content\" aria-labelledby=\"tab-label-description\" aria-hidden=\"false\">\n<div class=\"product attribute description\">\n<div class=\"value\">\n<ul>\n<li>13 oz, molleton 50\/50 coton\/polyester<\/li>\n<li>Fils compress\u00e9s pour minimiser le r\u00e9tr\u00e9cissement<\/li>\n<li>Capuchon doubl\u00e9 sans cordon<\/li>\n<li>Anti-boulochage<\/li>\n<li>Coupe classique<\/li>\n<\/ul>\n<p><img loading=\"lazy\" decoding=\"async\" class=\"alignnone size-full wp-image-1071\" src=\"https:\/\/shalouka-distribution.com\/epav\/wp-content\/uploads\/sites\/30\/2023\/10\/ATCF2500-simpleFrancais.jpg\" alt=\"\" width=\"1377\" height=\"411\" srcset=\"https:\/\/shalouka-distribution.com\/epav\/wp-content\/uploads\/sites\/30\/2023\/10\/ATCF2500-simpleFrancais.jpg 1377w, https:\/\/shalouka-distribution.com\/epav\/wp-content\/uploads\/sites\/30\/2023\/10\/ATCF2500-simpleFrancais-300x90.jpg 300w, https:\/\/shalouka-distribution.com\/epav\/wp-content\/uploads\/sites\/30\/2023\/10\/ATCF2500-simpleFrancais-1024x306.jpg 1024w, https:\/\/shalouka-distribution.com\/epav\/wp-content\/uploads\/sites\/30\/2023\/10\/ATCF2500-simpleFrancais-768x229.jpg 768w, https:\/\/shalouka-distribution.com\/epav\/wp-content\/uploads\/sites\/30\/2023\/10\/ATCF2500-simpleFrancais-1200x358.jpg 1200w\" sizes=\"auto, (max-width: 1377px) 100vw, 1377px\" \/><\/p>\n<\/div>\n<\/div>\n<\/div>\n<\/div>\n<\/div>\n","protected":false},"excerpt":{"rendered":"<p>13 oz, molleton 50\/50 coton\/polyester Fils compress\u00e9s pour minimiser le r\u00e9tr\u00e9cissement Capuchon doubl\u00e9 sans cordon Anti-boulochage Coupe classique<\/p>\n","protected":false},"featured_media":1058,"template":"","meta":[],"product_brand":[],"product_cat":[15],"product_tag":[],"class_list":{"0":"post-1068","1":"product","2":"type-product","3":"status-publish","4":"has-post-thumbnail","6":"product_cat-non-classe","8":"first","9":"instock","10":"taxable","11":"shipping-taxable","12":"purchasable","13":"product-type-variable"},"_links":{"self":[{"href":"https:\/\/shalouka-distribution.com\/epav\/wp-json\/wp\/v2\/product\/1068","targetHints":{"allow":["GET"]}}],"collection":[{"href":"https:\/\/shalouka-distribution.com\/epav\/wp-json\/wp\/v2\/product"}],"about":[{"href":"https:\/\/shalouka-distribution.com\/epav\/wp-json\/wp\/v2\/types\/product"}],"wp:featuredmedia":[{"embeddable":true,"href":"https:\/\/shalouka-distribution.com\/epav\/wp-json\/wp\/v2\/media\/1058"}],"wp:attachment":[{"href":"https:\/\/shalouka-distribution.com\/epav\/wp-json\/wp\/v2\/media?parent=1068"}],"wp:term":[{"taxonomy":"product_brand","embeddable":true,"href":"https:\/\/shalouka-distribution.com\/epav\/wp-json\/wp\/v2\/product_brand?post=1068"},{"taxonomy":"product_cat","embeddable":true,"href":"https:\/\/shalouka-distribution.com\/epav\/wp-json\/wp\/v2\/product_cat?post=1068"},{"taxonomy":"product_tag","embeddable":true,"href":"https:\/\/shalouka-distribution.com\/epav\/wp-json\/wp\/v2\/product_tag?post=1068"}],"curies":[{"name":"wp","href":"https:\/\/api.w.org\/{rel}","templated":true}]}}