{"id":1073,"date":"2023-10-04T14:29:25","date_gmt":"2023-10-04T18:29:25","guid":{"rendered":"https:\/\/shalouka-distribution.com\/epav\/?post_type=product&#038;p=1073"},"modified":"2023-10-04T22:25:14","modified_gmt":"2023-10-05T02:25:14","slug":"pantalon-dexercice","status":"publish","type":"product","link":"https:\/\/shalouka-distribution.com\/epav\/product\/pantalon-dexercice\/","title":{"rendered":"PANTALON D\u2019EXERCICE"},"content":{"rendered":"<ul>\n<li>13 oz, molleton 50\/50 coton\/polyester<\/li>\n<li>Coton FIL\u00c9<\/li>\n<li>Fils compress\u00e9s pour minimiser le r\u00e9tr\u00e9cissement<\/li>\n<li>Chevilles \u00e9lastiques<\/li>\n<li>Poches avant<\/li>\n<li>Ceinture \u00e9lastique sans cordon<\/li>\n<li>Anti-boulochage<\/li>\n<\/ul>\n<p><img loading=\"lazy\" decoding=\"async\" class=\"alignnone size-full wp-image-1088\" src=\"https:\/\/shalouka-distribution.com\/epav\/wp-content\/uploads\/sites\/30\/2023\/10\/ATCY2800.png\" alt=\"\" width=\"1205\" height=\"282\" srcset=\"https:\/\/shalouka-distribution.com\/epav\/wp-content\/uploads\/sites\/30\/2023\/10\/ATCY2800.png 1205w, https:\/\/shalouka-distribution.com\/epav\/wp-content\/uploads\/sites\/30\/2023\/10\/ATCY2800-300x70.png 300w, https:\/\/shalouka-distribution.com\/epav\/wp-content\/uploads\/sites\/30\/2023\/10\/ATCY2800-1024x240.png 1024w, https:\/\/shalouka-distribution.com\/epav\/wp-content\/uploads\/sites\/30\/2023\/10\/ATCY2800-768x180.png 768w, https:\/\/shalouka-distribution.com\/epav\/wp-content\/uploads\/sites\/30\/2023\/10\/ATCY2800-1200x281.png 1200w\" sizes=\"auto, (max-width: 1205px) 100vw, 1205px\" \/><img loading=\"lazy\" decoding=\"async\" class=\"alignnone size-full wp-image-1087\" src=\"https:\/\/shalouka-distribution.com\/epav\/wp-content\/uploads\/sites\/30\/2023\/10\/ATCF2800.png\" alt=\"\" width=\"1381\" height=\"254\" srcset=\"https:\/\/shalouka-distribution.com\/epav\/wp-content\/uploads\/sites\/30\/2023\/10\/ATCF2800.png 1381w, https:\/\/shalouka-distribution.com\/epav\/wp-content\/uploads\/sites\/30\/2023\/10\/ATCF2800-300x55.png 300w, https:\/\/shalouka-distribution.com\/epav\/wp-content\/uploads\/sites\/30\/2023\/10\/ATCF2800-1024x188.png 1024w, https:\/\/shalouka-distribution.com\/epav\/wp-content\/uploads\/sites\/30\/2023\/10\/ATCF2800-768x141.png 768w, https:\/\/shalouka-distribution.com\/epav\/wp-content\/uploads\/sites\/30\/2023\/10\/ATCF2800-1200x221.png 1200w\" sizes=\"auto, (max-width: 1381px) 100vw, 1381px\" \/><\/p>\n","protected":false},"excerpt":{"rendered":"<p>13 oz, molleton 50\/50 coton\/polyester Coton FIL\u00c9 Fils compress\u00e9s pour minimiser le r\u00e9tr\u00e9cissement Chevilles \u00e9lastiques Poches avant Ceinture \u00e9lastique sans&hellip;<\/p>\n","protected":false},"featured_media":1061,"template":"","meta":[],"product_brand":[],"product_cat":[15],"product_tag":[],"class_list":{"0":"post-1073","1":"product","2":"type-product","3":"status-publish","4":"has-post-thumbnail","6":"product_cat-non-classe","8":"first","9":"instock","10":"taxable","11":"shipping-taxable","12":"purchasable","13":"product-type-variable"},"_links":{"self":[{"href":"https:\/\/shalouka-distribution.com\/epav\/wp-json\/wp\/v2\/product\/1073","targetHints":{"allow":["GET"]}}],"collection":[{"href":"https:\/\/shalouka-distribution.com\/epav\/wp-json\/wp\/v2\/product"}],"about":[{"href":"https:\/\/shalouka-distribution.com\/epav\/wp-json\/wp\/v2\/types\/product"}],"wp:featuredmedia":[{"embeddable":true,"href":"https:\/\/shalouka-distribution.com\/epav\/wp-json\/wp\/v2\/media\/1061"}],"wp:attachment":[{"href":"https:\/\/shalouka-distribution.com\/epav\/wp-json\/wp\/v2\/media?parent=1073"}],"wp:term":[{"taxonomy":"product_brand","embeddable":true,"href":"https:\/\/shalouka-distribution.com\/epav\/wp-json\/wp\/v2\/product_brand?post=1073"},{"taxonomy":"product_cat","embeddable":true,"href":"https:\/\/shalouka-distribution.com\/epav\/wp-json\/wp\/v2\/product_cat?post=1073"},{"taxonomy":"product_tag","embeddable":true,"href":"https:\/\/shalouka-distribution.com\/epav\/wp-json\/wp\/v2\/product_tag?post=1073"}],"curies":[{"name":"wp","href":"https:\/\/api.w.org\/{rel}","templated":true}]}}