{"id":1099,"date":"2023-10-11T15:59:58","date_gmt":"2023-10-11T19:59:58","guid":{"rendered":"https:\/\/shalouka-distribution.com\/epav\/?post_type=product&#038;p=1099"},"modified":"2023-10-11T15:59:58","modified_gmt":"2023-10-11T19:59:58","slug":"bouteille-en-metal-noire-20-oz","status":"publish","type":"product","link":"https:\/\/shalouka-distribution.com\/epav\/product\/bouteille-en-metal-noire-20-oz\/","title":{"rendered":"BOUTEILLE EN M\u00c9TAL NOIRE 20 OZ"},"content":{"rendered":"<ul>\n<li>Construction en acier inoxydable de qualit\u00e9 18\/8<\/li>\n<li>Bouchon en acier inoxydable avec bande en silicone<\/li>\n<li>Double ouverture<\/li>\n<li>Convient \u00e0 la plupart des porte-gobelets de voiture standard<\/li>\n<li>Boucle en m\u00e9tal durable int\u00e9gr\u00e9e pour un transport facile<\/li>\n<li>Logo de l\u2019\u00e9cole et nom de l\u2019enfant grav\u00e9<\/li>\n<\/ul>\n","protected":false},"excerpt":{"rendered":"<p>Construction en acier inoxydable de qualit\u00e9 18\/8 Bouchon en acier inoxydable avec bande en silicone Double ouverture Convient \u00e0 la&hellip;<\/p>\n","protected":false},"featured_media":1101,"template":"","meta":[],"product_brand":[],"product_cat":[15],"product_tag":[],"class_list":{"0":"post-1099","1":"product","2":"type-product","3":"status-publish","4":"has-post-thumbnail","6":"product_cat-non-classe","8":"first","9":"instock","10":"taxable","11":"shipping-taxable","12":"purchasable","13":"product-type-simple"},"_links":{"self":[{"href":"https:\/\/shalouka-distribution.com\/epav\/wp-json\/wp\/v2\/product\/1099","targetHints":{"allow":["GET"]}}],"collection":[{"href":"https:\/\/shalouka-distribution.com\/epav\/wp-json\/wp\/v2\/product"}],"about":[{"href":"https:\/\/shalouka-distribution.com\/epav\/wp-json\/wp\/v2\/types\/product"}],"wp:featuredmedia":[{"embeddable":true,"href":"https:\/\/shalouka-distribution.com\/epav\/wp-json\/wp\/v2\/media\/1101"}],"wp:attachment":[{"href":"https:\/\/shalouka-distribution.com\/epav\/wp-json\/wp\/v2\/media?parent=1099"}],"wp:term":[{"taxonomy":"product_brand","embeddable":true,"href":"https:\/\/shalouka-distribution.com\/epav\/wp-json\/wp\/v2\/product_brand?post=1099"},{"taxonomy":"product_cat","embeddable":true,"href":"https:\/\/shalouka-distribution.com\/epav\/wp-json\/wp\/v2\/product_cat?post=1099"},{"taxonomy":"product_tag","embeddable":true,"href":"https:\/\/shalouka-distribution.com\/epav\/wp-json\/wp\/v2\/product_tag?post=1099"}],"curies":[{"name":"wp","href":"https:\/\/api.w.org\/{rel}","templated":true}]}}