{"id":931,"date":"2022-10-12T14:28:45","date_gmt":"2022-10-12T18:28:45","guid":{"rendered":"https:\/\/shalouka-distribution.com\/epav\/?post_type=product&#038;p=931"},"modified":"2023-10-10T15:00:20","modified_gmt":"2023-10-10T19:00:20","slug":"chandail-a-capuchon-en-molleton-a-glissiere","status":"publish","type":"product","link":"https:\/\/shalouka-distribution.com\/epav\/product\/chandail-a-capuchon-en-molleton-a-glissiere\/","title":{"rendered":"CHANDAIL \u00c0 CAPUCHON EN MOLLETON \u00c0 GLISSI\u00c8RE"},"content":{"rendered":"<ul>\n<li>13,3 oz, 50% coton, 50% polyester, tricot molletonn\u00e9 pr\u00e9r\u00e9tr\u00e9ci<\/li>\n<li>Tissage \u00e0 jet d\u2019air pour plus de douceur et anti-bouloche<\/li>\n<li>Capuchon non doubl\u00e9 avec cordon de m\u00eame couleur<\/li>\n<li>Poche kangourou<\/li>\n<li>Doubles coutures aux poignets<\/li>\n<li>1&#215;1 tricot c\u00f4tel\u00e9 avec spandex<\/li>\n<li>Fermeture \u00e9clair recouverte afin de permettre une impression sur\u00a0tout le devant<\/li>\n<li>Tissu tourn\u00e9 d\u2019un quart de tour pour \u00e9liminer le\u00a0pli\u00a0central<\/li>\n<li>Coupe classique<\/li>\n<\/ul>\n<p>&#8212;<\/p>\n<p>&nbsp;<\/p>\n<p><img loading=\"lazy\" decoding=\"async\" class=\"alignnone size-full wp-image-1054\" src=\"https:\/\/shalouka-distribution.com\/epav\/wp-content\/uploads\/sites\/30\/2022\/10\/ATC2600-simple-francais.jpg\" alt=\"\" width=\"1395\" height=\"383\" srcset=\"https:\/\/shalouka-distribution.com\/epav\/wp-content\/uploads\/sites\/30\/2022\/10\/ATC2600-simple-francais.jpg 1395w, https:\/\/shalouka-distribution.com\/epav\/wp-content\/uploads\/sites\/30\/2022\/10\/ATC2600-simple-francais-300x82.jpg 300w, https:\/\/shalouka-distribution.com\/epav\/wp-content\/uploads\/sites\/30\/2022\/10\/ATC2600-simple-francais-1024x281.jpg 1024w, https:\/\/shalouka-distribution.com\/epav\/wp-content\/uploads\/sites\/30\/2022\/10\/ATC2600-simple-francais-768x211.jpg 768w, https:\/\/shalouka-distribution.com\/epav\/wp-content\/uploads\/sites\/30\/2022\/10\/ATC2600-simple-francais-1200x329.jpg 1200w\" sizes=\"auto, (max-width: 1395px) 100vw, 1395px\" \/><\/p>\n","protected":false},"excerpt":{"rendered":"<p>13,3 oz, 50% coton, 50% polyester, tricot molletonn\u00e9 pr\u00e9r\u00e9tr\u00e9ci Tissage \u00e0 jet d\u2019air pour plus de douceur et anti-bouloche Capuchon&hellip;<\/p>\n","protected":false},"featured_media":1066,"template":"","meta":[],"product_brand":[],"product_cat":[15],"product_tag":[],"class_list":{"0":"post-931","1":"product","2":"type-product","3":"status-publish","4":"has-post-thumbnail","6":"product_cat-non-classe","8":"first","9":"instock","10":"taxable","11":"shipping-taxable","12":"purchasable","13":"product-type-variable"},"_links":{"self":[{"href":"https:\/\/shalouka-distribution.com\/epav\/wp-json\/wp\/v2\/product\/931","targetHints":{"allow":["GET"]}}],"collection":[{"href":"https:\/\/shalouka-distribution.com\/epav\/wp-json\/wp\/v2\/product"}],"about":[{"href":"https:\/\/shalouka-distribution.com\/epav\/wp-json\/wp\/v2\/types\/product"}],"wp:featuredmedia":[{"embeddable":true,"href":"https:\/\/shalouka-distribution.com\/epav\/wp-json\/wp\/v2\/media\/1066"}],"wp:attachment":[{"href":"https:\/\/shalouka-distribution.com\/epav\/wp-json\/wp\/v2\/media?parent=931"}],"wp:term":[{"taxonomy":"product_brand","embeddable":true,"href":"https:\/\/shalouka-distribution.com\/epav\/wp-json\/wp\/v2\/product_brand?post=931"},{"taxonomy":"product_cat","embeddable":true,"href":"https:\/\/shalouka-distribution.com\/epav\/wp-json\/wp\/v2\/product_cat?post=931"},{"taxonomy":"product_tag","embeddable":true,"href":"https:\/\/shalouka-distribution.com\/epav\/wp-json\/wp\/v2\/product_tag?post=931"}],"curies":[{"name":"wp","href":"https:\/\/api.w.org\/{rel}","templated":true}]}}