{"id":1336,"date":"2020-12-13T22:26:28","date_gmt":"2020-12-14T03:26:28","guid":{"rendered":"https:\/\/shalouka-distribution.com\/lja\/?page_id=1336"},"modified":"2025-12-12T13:59:09","modified_gmt":"2025-12-12T18:59:09","slug":"lja-shop-boutique-lja","status":"publish","type":"page","link":"https:\/\/shalouka-distribution.com\/lja\/","title":{"rendered":"Shop &#8211; Boutique"},"content":{"rendered":"<div class=\"moitier\">\n<h2>Important information to read before ordering<\/h2>\n<p><strong>SIZING<\/strong>: Make sure to measure your child, refer to the sizing chart included for every garment. <span style=\"color: #ff0000;\">There will be No exchange or refunds.<\/span><\/p>\n<p><strong>VARIATIONS<\/strong>: The pictures on the website are all mock-ups that show how products will be printed or embroidered. The actual print or embroidery on the garment can be different in position or in size. Textile color can vary or be different from what you see on screen. Style or cut of garment will vary depending the brand and textile chosen. We may choose to replace the garment model with a similar one without notice.<\/p>\n<p><strong>ORDER<\/strong>: All orders are custom prepared and <span style=\"color: #ff0000;\">all sales are final<\/span>. No changes will be accepted after order is placed. It is your responsibility to choose the size, model and color of the items.<\/p>\n<p><strong>PAYMENT<\/strong>: Shalouka promotions will deliver what you ordered. When you receive your order at school, you must verify that it is complete and as requested.<\/p>\n<p><strong>CALENDAR<\/strong>:<\/p>\n<ul>\n<li>We start taking orders on : September 2, 2025<\/li>\n<li>We close the site on: September 20, 2025.<\/li>\n<li>No order can be placed after this date.<\/li>\n<li>Your order will be delivered to your school on end of december.<\/li>\n<\/ul>\n<\/div>\n<div class=\"moitier\">\n<h2>Informations importantes \u00e0 lire avant de commander<\/h2>\n<p><strong>GRANDEURS : <\/strong>Assurez-vous de mesurer votre enfant et de vous r\u00e9f\u00e9rer au tableau des tailles sur chaque v\u00eatement avant de commander.<span style=\"color: #ff0000;\"> Il n&#8217;y aura pas d&#8217;\u00e9change.<\/span><\/p>\n<p><strong>VARIATIONS<\/strong> : Toutes les images du site Web sont des maquettes qui montrent comment les produits seront imprim\u00e9s ou brod\u00e9s. L\u2019impression ou la broderie r\u00e9elle sur le v\u00eatement peut \u00eatre diff\u00e9rente en position ou en taille. La couleur du textile peut varier ou \u00eatre diff\u00e9rente de ce que vous voyez \u00e0 l\u2019\u00e9cran. Le style ou la coupe du v\u00eatement variera selon la marque et la composition du textile. Nous pouvons choisir de remplacer le mod\u00e8le de v\u00eatement par un similaire sans pr\u00e9avis.<\/p>\n<p><strong>COMMANDE<\/strong> : Toutes les commandes sont personnalis\u00e9es et d\u00e9finitives. Aucune modification ne peut \u00eatre apport\u00e9e ult\u00e9rieurement ou aucun \u00e9change en raison de la taille qui ne convient pas ne sera accept\u00e9. La responsabilit\u00e9 de commander la bonne taille incombe au client.<\/p>\n<p><strong>PAIEMENT<\/strong> : Lorsque vous avez command\u00e9 et pay\u00e9, il n\u2019y a aucun remboursement. La commande est d\u00e9finitive. Shalouka promotions v\u00e9rifie et livre ce que vous command\u00e9. Lorsque vous recevrez votre commande \u00e0 l\u2019\u00e9cole, vous devrez vous assurer qu\u2019elle est compl\u00e8te et conforme \u00e0 la demande.<\/p>\n<p><strong>CALENDRIER <\/strong>:<\/p>\n<ul>\n<li>Nous commen\u00e7ons \u00e0 prendre des commandes le : 2 septembre 2025.<\/li>\n<li>Nous fermons le site le : 20 septembre 2025.<\/li>\n<li>Aucune commande ne pourra \u00eatre pass\u00e9e apr\u00e8s cette date.<\/li>\n<li>Votre commande sera livr\u00e9e \u00e0 votre \u00e9cole fin d\u00e9cembre.<\/li>\n<\/ul>\n<\/div>\n<hr class=\"wp-block-separator is-style-wide\" \/>\n<h2>Time left to order \/ Temps restant pour commander<\/h2>\n\n<hr \/>\n<div class=\"moitier\">\n<h2>Here is a chart that can help \/ voici une charte des grandeur pour vous aider<\/h2>\n<p><img loading=\"lazy\" decoding=\"async\" class=\"alignnone wp-image-2434 size-full\" src=\"https:\/\/shalouka-distribution.com\/lja\/wp-content\/uploads\/sites\/2\/2022\/06\/Sizing-Imageversion-3.jpg\" alt=\"\" width=\"1000\" height=\"1622\" srcset=\"https:\/\/shalouka-distribution.com\/lja\/wp-content\/uploads\/sites\/2\/2022\/06\/Sizing-Imageversion-3.jpg 1000w, https:\/\/shalouka-distribution.com\/lja\/wp-content\/uploads\/sites\/2\/2022\/06\/Sizing-Imageversion-3-185x300.jpg 185w, https:\/\/shalouka-distribution.com\/lja\/wp-content\/uploads\/sites\/2\/2022\/06\/Sizing-Imageversion-3-631x1024.jpg 631w, https:\/\/shalouka-distribution.com\/lja\/wp-content\/uploads\/sites\/2\/2022\/06\/Sizing-Imageversion-3-768x1246.jpg 768w, https:\/\/shalouka-distribution.com\/lja\/wp-content\/uploads\/sites\/2\/2022\/06\/Sizing-Imageversion-3-947x1536.jpg 947w, https:\/\/shalouka-distribution.com\/lja\/wp-content\/uploads\/sites\/2\/2022\/06\/Sizing-Imageversion-3-300x487.jpg 300w, https:\/\/shalouka-distribution.com\/lja\/wp-content\/uploads\/sites\/2\/2022\/06\/Sizing-Imageversion-3-600x973.jpg 600w\" sizes=\"auto, (max-width: 1000px) 100vw, 1000px\" \/><\/p>\n<\/div>\n<div class=\"moitier\">\n<h2>How to find the right size ? \/ Comment trouver la bonne taille ?<\/h2>\n<p>1- Find a similar clothing that already fit well to your kid \/ Trouvez un v\u00eatement similaire qui fait d\u00e9j\u00e0 bien \u00e0 votre enfant<\/p>\n<p>2- Put it flat and mesure the width \/ Mettre \u00e0 plat et mesurer la largeur<\/p>\n<p>3- Go to the chart and find the mesurement \/ Aller au tableau et trouver la mesure<\/p>\n<p>4- Order the size of the corresponding measure \/ Commandez la taille de la mesure correspondante<\/p>\n<p><strong>in this example, you will order the tshirt in size large adult \/ dans cet exemple, vous devez commander le t-shirt en taille adulte large<\/strong><\/p>\n<p><img loading=\"lazy\" decoding=\"async\" class=\"alignnone wp-image-2413 size-full\" src=\"https:\/\/shalouka-distribution.com\/lja\/wp-content\/uploads\/sites\/2\/2022\/06\/Mesure-Chandail.jpg\" alt=\"\" width=\"1200\" height=\"1452\" srcset=\"https:\/\/shalouka-distribution.com\/lja\/wp-content\/uploads\/sites\/2\/2022\/06\/Mesure-Chandail.jpg 1200w, https:\/\/shalouka-distribution.com\/lja\/wp-content\/uploads\/sites\/2\/2022\/06\/Mesure-Chandail-248x300.jpg 248w, https:\/\/shalouka-distribution.com\/lja\/wp-content\/uploads\/sites\/2\/2022\/06\/Mesure-Chandail-846x1024.jpg 846w, https:\/\/shalouka-distribution.com\/lja\/wp-content\/uploads\/sites\/2\/2022\/06\/Mesure-Chandail-768x929.jpg 768w, https:\/\/shalouka-distribution.com\/lja\/wp-content\/uploads\/sites\/2\/2022\/06\/Mesure-Chandail-300x363.jpg 300w, https:\/\/shalouka-distribution.com\/lja\/wp-content\/uploads\/sites\/2\/2022\/06\/Mesure-Chandail-600x726.jpg 600w\" sizes=\"auto, (max-width: 1200px) 100vw, 1200px\" \/><\/p>\n<\/div>\n<hr class=\"wp-block-separator is-style-wide\" \/>\n<p>If you have any trouble ordering or have any questions \/ Si vous \u00e9prouvez des difficult\u00e9s pour commander ou si vous avez des question<br \/>\nTechnical support \/ support technique : <a href=\"mailto:info@studioteknik.com\">info@studioteknik.com<\/a> \u2022 514-222-1070<\/p>\n<hr \/>\n<p>[xproducts]<\/p>\n","protected":false},"excerpt":{"rendered":"<p>Important information to read before ordering SIZING: Make sure to measure your child, refer to the sizing chart included for every garment. There will be No exchange or refunds. VARIATIONS:<\/p>\n","protected":false},"author":1,"featured_media":0,"parent":0,"menu_order":0,"comment_status":"closed","ping_status":"closed","template":"","meta":{"footnotes":""},"class_list":{"1":"page","2":"type-page","3":"status-publish","4":"hentry"},"_links":{"self":[{"href":"https:\/\/shalouka-distribution.com\/lja\/wp-json\/wp\/v2\/pages\/1336","targetHints":{"allow":["GET"]}}],"collection":[{"href":"https:\/\/shalouka-distribution.com\/lja\/wp-json\/wp\/v2\/pages"}],"about":[{"href":"https:\/\/shalouka-distribution.com\/lja\/wp-json\/wp\/v2\/types\/page"}],"author":[{"embeddable":true,"href":"https:\/\/shalouka-distribution.com\/lja\/wp-json\/wp\/v2\/users\/1"}],"replies":[{"embeddable":true,"href":"https:\/\/shalouka-distribution.com\/lja\/wp-json\/wp\/v2\/comments?post=1336"}],"version-history":[{"count":98,"href":"https:\/\/shalouka-distribution.com\/lja\/wp-json\/wp\/v2\/pages\/1336\/revisions"}],"predecessor-version":[{"id":4366,"href":"https:\/\/shalouka-distribution.com\/lja\/wp-json\/wp\/v2\/pages\/1336\/revisions\/4366"}],"wp:attachment":[{"href":"https:\/\/shalouka-distribution.com\/lja\/wp-json\/wp\/v2\/media?parent=1336"}],"curies":[{"name":"wp","href":"https:\/\/api.w.org\/{rel}","templated":true}]}}