{"id":1454,"date":"2021-04-21T21:49:40","date_gmt":"2021-04-22T01:49:40","guid":{"rendered":"https:\/\/shalouka-distribution.com\/lja\/?post_type=product&#038;p=1454"},"modified":"2024-05-22T10:23:58","modified_gmt":"2024-05-22T14:23:58","slug":"full-zip-hoodie-lja-kangourou-avec-fermeture-eclair-lja","status":"publish","type":"product","link":"https:\/\/shalouka-distribution.com\/lja\/product\/full-zip-hoodie-lja-kangourou-avec-fermeture-eclair-lja\/","title":{"rendered":"Full-Zip Hoodie LJA \/ Kangourou avec fermeture \u00e9clair LJA"},"content":{"rendered":"<ul>\n<li>8 oz.(US) 13.3 oz.(CA), 50\/50 preshrunk cotton\/polyester<\/li>\n<li>Air jet yarn = softer feel and reduced pilling<\/li>\n<li>Unlined hood with color-matched drawcord<\/li>\n<li>Metal zipper<\/li>\n<li>Overlapped fabric across zipper allows full front printing<\/li>\n<li>Pouch pockets<\/li>\n<li>Double needle stitching at shoulder, armhole, neck, waistband and cuffs<\/li>\n<li>1 x 1 rib with spandex<\/li>\n<li>Quarter-turned to eliminate center crease<\/li>\n<li>Safety Green: Compliant with ANSI \/ ISEA 107<\/li>\n<li>Tearaway label<\/li>\n<\/ul>\n<p>&#8212;<\/p>\n<ul>\n<li>13,3 oz, 50% coton, 50% polyester, tricot molletonn\u00e9 pr\u00e9r\u00e9tr\u00e9ci<\/li>\n<li>Tissage \u00e0 jet d\u2019air pour plus de douceur et anti-bouloche<\/li>\n<li>Capuchon non doubl\u00e9 avec cordon de m\u00eame couleur<\/li>\n<li>Poche kangourou<\/li>\n<li>Doubles coutures aux poignets<\/li>\n<li>1&#215;1 tricot c\u00f4tel\u00e9 avec spandex<\/li>\n<li>Fermeture \u00e9clair recouverte afin de permettre une impression sur\u00a0tout le devant<\/li>\n<li>Tissu tourn\u00e9 d\u2019un quart de tour pour \u00e9liminer le\u00a0pli\u00a0central<\/li>\n<li>Coupe classique<\/li>\n<\/ul>\n<p>&#8212;<\/p>\n<p>&nbsp;<\/p>\n<p>&nbsp;<\/p>\n<p><img loading=\"lazy\" decoding=\"async\" class=\"alignnone wp-image-2431 size-full\" src=\"https:\/\/shalouka-distribution.com\/lja\/wp-content\/uploads\/sites\/2\/2021\/04\/18600.png\" alt=\"\" width=\"771\" height=\"245\" srcset=\"https:\/\/shalouka-distribution.com\/lja\/wp-content\/uploads\/sites\/2\/2021\/04\/18600.png 771w, https:\/\/shalouka-distribution.com\/lja\/wp-content\/uploads\/sites\/2\/2021\/04\/18600-300x95.png 300w, https:\/\/shalouka-distribution.com\/lja\/wp-content\/uploads\/sites\/2\/2021\/04\/18600-768x244.png 768w, https:\/\/shalouka-distribution.com\/lja\/wp-content\/uploads\/sites\/2\/2021\/04\/18600-600x191.png 600w\" sizes=\"auto, (max-width: 771px) 100vw, 771px\" \/><\/p>\n","protected":false},"excerpt":{"rendered":"<p>8 oz.(US) 13.3 oz.(CA), 50\/50 preshrunk cotton\/polyester Air jet yarn = softer feel and reduced pilling Unlined hood with color-matched drawcord Metal zipper Overlapped fabric across zipper allows full front<\/p>\n","protected":false},"featured_media":3382,"template":"","meta":[],"product_brand":[],"product_cat":[15],"product_tag":[],"class_list":{"0":"post-1454","1":"product","2":"type-product","3":"status-publish","6":"product_cat-uncategorized","8":"first","9":"instock","10":"taxable","11":"shipping-taxable","12":"purchasable","13":"product-type-variable"},"_links":{"self":[{"href":"https:\/\/shalouka-distribution.com\/lja\/wp-json\/wp\/v2\/product\/1454","targetHints":{"allow":["GET"]}}],"collection":[{"href":"https:\/\/shalouka-distribution.com\/lja\/wp-json\/wp\/v2\/product"}],"about":[{"href":"https:\/\/shalouka-distribution.com\/lja\/wp-json\/wp\/v2\/types\/product"}],"wp:featuredmedia":[{"embeddable":true,"href":"https:\/\/shalouka-distribution.com\/lja\/wp-json\/wp\/v2\/media\/3382"}],"wp:attachment":[{"href":"https:\/\/shalouka-distribution.com\/lja\/wp-json\/wp\/v2\/media?parent=1454"}],"wp:term":[{"taxonomy":"product_brand","embeddable":true,"href":"https:\/\/shalouka-distribution.com\/lja\/wp-json\/wp\/v2\/product_brand?post=1454"},{"taxonomy":"product_cat","embeddable":true,"href":"https:\/\/shalouka-distribution.com\/lja\/wp-json\/wp\/v2\/product_cat?post=1454"},{"taxonomy":"product_tag","embeddable":true,"href":"https:\/\/shalouka-distribution.com\/lja\/wp-json\/wp\/v2\/product_tag?post=1454"}],"curies":[{"name":"wp","href":"https:\/\/api.w.org\/{rel}","templated":true}]}}