{"id":212,"date":"2020-07-14T23:48:00","date_gmt":"2020-07-15T03:48:00","guid":{"rendered":"https:\/\/shalouka-distribution.com\/?post_type=product&#038;p=212"},"modified":"2025-06-17T12:27:39","modified_gmt":"2025-06-17T16:27:39","slug":"sweatpants-pantalon","status":"publish","type":"product","link":"https:\/\/shalouka-distribution.com\/lja\/product\/sweatpants-pantalon\/","title":{"rendered":"Sweatpants \/ Pantalon"},"content":{"rendered":"<ul>\n<li>13-oz, 50\/50 cotton\/polyester fleece<\/li>\n<li>Compacted yarns to minimize shrinkage<\/li>\n<li>Elastic cuffs<\/li>\n<li>Elastic waistband with drawstring<\/li>\n<\/ul>\n<p>&#8212;<\/p>\n<ul>\n<li>13 oz, molleton 50\/50 coton\/polyester<\/li>\n<li>Fils compress\u00e9s pour minimiser le r\u00e9tr\u00e9cissement<\/li>\n<li>Chevilles \u00e9lastiques<\/li>\n<li>Ceinture \u00e9lastique avec cordon<\/li>\n<\/ul>\n<p>&#8212;<br \/>\n<img loading=\"lazy\" decoding=\"async\" class=\"alignnone wp-image-2428 size-full\" src=\"https:\/\/shalouka-distribution.com\/lja\/wp-content\/uploads\/sites\/2\/2020\/07\/ATCF2800.png\" alt=\"\" width=\"1733\" height=\"572\" srcset=\"https:\/\/shalouka-distribution.com\/lja\/wp-content\/uploads\/sites\/2\/2020\/07\/ATCF2800.png 1733w, https:\/\/shalouka-distribution.com\/lja\/wp-content\/uploads\/sites\/2\/2020\/07\/ATCF2800-300x99.png 300w, https:\/\/shalouka-distribution.com\/lja\/wp-content\/uploads\/sites\/2\/2020\/07\/ATCF2800-1024x338.png 1024w, https:\/\/shalouka-distribution.com\/lja\/wp-content\/uploads\/sites\/2\/2020\/07\/ATCF2800-768x253.png 768w, https:\/\/shalouka-distribution.com\/lja\/wp-content\/uploads\/sites\/2\/2020\/07\/ATCF2800-1536x507.png 1536w, https:\/\/shalouka-distribution.com\/lja\/wp-content\/uploads\/sites\/2\/2020\/07\/ATCF2800-600x198.png 600w\" sizes=\"auto, (max-width: 1733px) 100vw, 1733px\" \/><\/p>\n","protected":false},"excerpt":{"rendered":"<p>13-oz, 50\/50 cotton\/polyester fleece Compacted yarns to minimize shrinkage Elastic cuffs Elastic waistband with drawstring &#8212; 13 oz, molleton 50\/50 coton\/polyester Fils compress\u00e9s pour minimiser le r\u00e9tr\u00e9cissement Chevilles \u00e9lastiques Ceinture<\/p>\n","protected":false},"featured_media":3390,"template":"","meta":[],"product_brand":[],"product_cat":[15],"product_tag":[],"class_list":{"0":"post-212","1":"product","2":"type-product","3":"status-publish","6":"product_cat-uncategorized","8":"first","9":"instock","10":"taxable","11":"shipping-taxable","12":"purchasable","13":"product-type-variable"},"_links":{"self":[{"href":"https:\/\/shalouka-distribution.com\/lja\/wp-json\/wp\/v2\/product\/212","targetHints":{"allow":["GET"]}}],"collection":[{"href":"https:\/\/shalouka-distribution.com\/lja\/wp-json\/wp\/v2\/product"}],"about":[{"href":"https:\/\/shalouka-distribution.com\/lja\/wp-json\/wp\/v2\/types\/product"}],"wp:featuredmedia":[{"embeddable":true,"href":"https:\/\/shalouka-distribution.com\/lja\/wp-json\/wp\/v2\/media\/3390"}],"wp:attachment":[{"href":"https:\/\/shalouka-distribution.com\/lja\/wp-json\/wp\/v2\/media?parent=212"}],"wp:term":[{"taxonomy":"product_brand","embeddable":true,"href":"https:\/\/shalouka-distribution.com\/lja\/wp-json\/wp\/v2\/product_brand?post=212"},{"taxonomy":"product_cat","embeddable":true,"href":"https:\/\/shalouka-distribution.com\/lja\/wp-json\/wp\/v2\/product_cat?post=212"},{"taxonomy":"product_tag","embeddable":true,"href":"https:\/\/shalouka-distribution.com\/lja\/wp-json\/wp\/v2\/product_tag?post=212"}],"curies":[{"name":"wp","href":"https:\/\/api.w.org\/{rel}","templated":true}]}}