{"id":3396,"date":"2024-05-14T21:11:17","date_gmt":"2024-05-15T01:11:17","guid":{"rendered":"https:\/\/shalouka-distribution.com\/lja\/?post_type=product&#038;p=3396"},"modified":"2024-05-22T10:23:27","modified_gmt":"2024-05-22T14:23:27","slug":"hoodie-vipers-kangourou-vipers","status":"publish","type":"product","link":"https:\/\/shalouka-distribution.com\/lja\/product\/hoodie-vipers-kangourou-vipers\/","title":{"rendered":"Hoodie Vipers \/ Kangourou Vipers"},"content":{"rendered":"<ul>\n<li>13-oz, 50\/50 cotton\/polyester fleece<\/li>\n<li>Compacted yarns to minimize shrinkage<\/li>\n<li>Double lined hood with drawstring (drawstring on adulte sizes only)<\/li>\n<\/ul>\n<p>&#8212;<\/p>\n<ul>\n<li>13 oz, molleton 50\/50 coton\/polyester<\/li>\n<li>Fils compress\u00e9s pour minimiser le r\u00e9tr\u00e9cissement<\/li>\n<li>Capuchon doubl\u00e9 avec cordon (cordon sur mod\u00e8le adulte seulement)<\/li>\n<\/ul>\n<p>&#8212;<\/p>\n<p><img loading=\"lazy\" decoding=\"async\" class=\"alignnone wp-image-2427 size-full\" src=\"https:\/\/shalouka-distribution.com\/lja\/wp-content\/uploads\/sites\/2\/2020\/07\/atcf2500.png\" alt=\"\" width=\"1362\" height=\"329\" srcset=\"https:\/\/shalouka-distribution.com\/lja\/wp-content\/uploads\/sites\/2\/2020\/07\/atcf2500.png 1362w, https:\/\/shalouka-distribution.com\/lja\/wp-content\/uploads\/sites\/2\/2020\/07\/atcf2500-300x72.png 300w, https:\/\/shalouka-distribution.com\/lja\/wp-content\/uploads\/sites\/2\/2020\/07\/atcf2500-1024x247.png 1024w, https:\/\/shalouka-distribution.com\/lja\/wp-content\/uploads\/sites\/2\/2020\/07\/atcf2500-768x186.png 768w, https:\/\/shalouka-distribution.com\/lja\/wp-content\/uploads\/sites\/2\/2020\/07\/atcf2500-600x145.png 600w\" sizes=\"auto, (max-width: 1362px) 100vw, 1362px\" \/><\/p>\n","protected":false},"excerpt":{"rendered":"<p>13-oz, 50\/50 cotton\/polyester fleece Compacted yarns to minimize shrinkage Double lined hood with drawstring (drawstring on adulte sizes only) &#8212; 13 oz, molleton 50\/50 coton\/polyester Fils compress\u00e9s pour minimiser le<\/p>\n","protected":false},"featured_media":3372,"template":"","meta":[],"product_brand":[],"product_cat":[15],"product_tag":[],"class_list":{"0":"post-3396","1":"product","2":"type-product","3":"status-publish","6":"product_cat-uncategorized","8":"first","9":"instock","10":"taxable","11":"shipping-taxable","12":"purchasable","13":"product-type-variable"},"_links":{"self":[{"href":"https:\/\/shalouka-distribution.com\/lja\/wp-json\/wp\/v2\/product\/3396","targetHints":{"allow":["GET"]}}],"collection":[{"href":"https:\/\/shalouka-distribution.com\/lja\/wp-json\/wp\/v2\/product"}],"about":[{"href":"https:\/\/shalouka-distribution.com\/lja\/wp-json\/wp\/v2\/types\/product"}],"wp:featuredmedia":[{"embeddable":true,"href":"https:\/\/shalouka-distribution.com\/lja\/wp-json\/wp\/v2\/media\/3372"}],"wp:attachment":[{"href":"https:\/\/shalouka-distribution.com\/lja\/wp-json\/wp\/v2\/media?parent=3396"}],"wp:term":[{"taxonomy":"product_brand","embeddable":true,"href":"https:\/\/shalouka-distribution.com\/lja\/wp-json\/wp\/v2\/product_brand?post=3396"},{"taxonomy":"product_cat","embeddable":true,"href":"https:\/\/shalouka-distribution.com\/lja\/wp-json\/wp\/v2\/product_cat?post=3396"},{"taxonomy":"product_tag","embeddable":true,"href":"https:\/\/shalouka-distribution.com\/lja\/wp-json\/wp\/v2\/product_tag?post=3396"}],"curies":[{"name":"wp","href":"https:\/\/api.w.org\/{rel}","templated":true}]}}