{"id":3417,"date":"2024-05-14T21:45:52","date_gmt":"2024-05-15T01:45:52","guid":{"rendered":"https:\/\/shalouka-distribution.com\/lja\/?post_type=product&#038;p=3417"},"modified":"2024-05-15T11:41:54","modified_gmt":"2024-05-15T15:41:54","slug":"crewneck-lja-molleton-col-rond-lja","status":"publish","type":"product","link":"https:\/\/shalouka-distribution.com\/lja\/product\/crewneck-lja-molleton-col-rond-lja\/","title":{"rendered":"Crewneck LJA \/ Molleton Col Rond LJA"},"content":{"rendered":"<ul>\n<li>13-oz, 50\/50 cotton\/polyester fleece<\/li>\n<li>Compacted yarns to minimize shrinkage<\/li>\n<li>White sewn letters<\/li>\n<\/ul>\n<p>&#8212;<\/p>\n<ul>\n<li>13 oz, molleton 50\/50 coton\/polyester<\/li>\n<li>Fils compress\u00e9s pour minimiser le r\u00e9tr\u00e9cissement<\/li>\n<li>Lettres cousues blanches<\/li>\n<\/ul>\n<p>&#8212;<\/p>\n<p>ADULT<br \/>\n<img loading=\"lazy\" decoding=\"async\" class=\"alignnone size-full wp-image-3416\" src=\"https:\/\/shalouka-distribution.com\/lja\/wp-content\/uploads\/sites\/2\/2024\/05\/ATCF2400-ang-XXL.png\" alt=\"\" width=\"1374\" height=\"212\" srcset=\"https:\/\/shalouka-distribution.com\/lja\/wp-content\/uploads\/sites\/2\/2024\/05\/ATCF2400-ang-XXL.png 1374w, https:\/\/shalouka-distribution.com\/lja\/wp-content\/uploads\/sites\/2\/2024\/05\/ATCF2400-ang-XXL-300x46.png 300w, https:\/\/shalouka-distribution.com\/lja\/wp-content\/uploads\/sites\/2\/2024\/05\/ATCF2400-ang-XXL-1024x158.png 1024w, https:\/\/shalouka-distribution.com\/lja\/wp-content\/uploads\/sites\/2\/2024\/05\/ATCF2400-ang-XXL-768x118.png 768w, https:\/\/shalouka-distribution.com\/lja\/wp-content\/uploads\/sites\/2\/2024\/05\/ATCF2400-ang-XXL-600x93.png 600w\" sizes=\"auto, (max-width: 1374px) 100vw, 1374px\" \/><\/p>\n<p>&nbsp;<\/p>\n<p>YOUTH<br \/>\n<img loading=\"lazy\" decoding=\"async\" class=\"alignnone size-full wp-image-3429\" src=\"https:\/\/shalouka-distribution.com\/lja\/wp-content\/uploads\/sites\/2\/2024\/05\/Gildan-18000B-simple.jpg\" alt=\"\" width=\"1109\" height=\"257\" srcset=\"https:\/\/shalouka-distribution.com\/lja\/wp-content\/uploads\/sites\/2\/2024\/05\/Gildan-18000B-simple.jpg 1109w, https:\/\/shalouka-distribution.com\/lja\/wp-content\/uploads\/sites\/2\/2024\/05\/Gildan-18000B-simple-300x70.jpg 300w, https:\/\/shalouka-distribution.com\/lja\/wp-content\/uploads\/sites\/2\/2024\/05\/Gildan-18000B-simple-1024x237.jpg 1024w, https:\/\/shalouka-distribution.com\/lja\/wp-content\/uploads\/sites\/2\/2024\/05\/Gildan-18000B-simple-768x178.jpg 768w, https:\/\/shalouka-distribution.com\/lja\/wp-content\/uploads\/sites\/2\/2024\/05\/Gildan-18000B-simple-600x139.jpg 600w\" sizes=\"auto, (max-width: 1109px) 100vw, 1109px\" \/><\/p>\n<p>&nbsp;<\/p>\n","protected":false},"excerpt":{"rendered":"<p>13-oz, 50\/50 cotton\/polyester fleece Compacted yarns to minimize shrinkage White sewn letters &#8212; 13 oz, molleton 50\/50 coton\/polyester Fils compress\u00e9s pour minimiser le r\u00e9tr\u00e9cissement Lettres cousues blanches &#8212; ADULT &nbsp;<\/p>\n","protected":false},"featured_media":3421,"template":"","meta":[],"product_brand":[],"product_cat":[15],"product_tag":[],"class_list":{"0":"post-3417","1":"product","2":"type-product","3":"status-publish","6":"product_cat-uncategorized","8":"first","9":"instock","10":"taxable","11":"shipping-taxable","12":"purchasable","13":"product-type-variable"},"_links":{"self":[{"href":"https:\/\/shalouka-distribution.com\/lja\/wp-json\/wp\/v2\/product\/3417","targetHints":{"allow":["GET"]}}],"collection":[{"href":"https:\/\/shalouka-distribution.com\/lja\/wp-json\/wp\/v2\/product"}],"about":[{"href":"https:\/\/shalouka-distribution.com\/lja\/wp-json\/wp\/v2\/types\/product"}],"wp:featuredmedia":[{"embeddable":true,"href":"https:\/\/shalouka-distribution.com\/lja\/wp-json\/wp\/v2\/media\/3421"}],"wp:attachment":[{"href":"https:\/\/shalouka-distribution.com\/lja\/wp-json\/wp\/v2\/media?parent=3417"}],"wp:term":[{"taxonomy":"product_brand","embeddable":true,"href":"https:\/\/shalouka-distribution.com\/lja\/wp-json\/wp\/v2\/product_brand?post=3417"},{"taxonomy":"product_cat","embeddable":true,"href":"https:\/\/shalouka-distribution.com\/lja\/wp-json\/wp\/v2\/product_cat?post=3417"},{"taxonomy":"product_tag","embeddable":true,"href":"https:\/\/shalouka-distribution.com\/lja\/wp-json\/wp\/v2\/product_tag?post=3417"}],"curies":[{"name":"wp","href":"https:\/\/api.w.org\/{rel}","templated":true}]}}