{"id":1195,"date":"2024-05-22T11:14:33","date_gmt":"2024-05-22T15:14:33","guid":{"rendered":"https:\/\/shalouka-distribution.com\/lsa\/?post_type=product&#038;p=1195"},"modified":"2024-05-22T11:27:45","modified_gmt":"2024-05-22T15:27:45","slug":"crewneck-sewn-letters-molleton-col-rond-avec-lettres-cousues","status":"publish","type":"product","link":"https:\/\/shalouka-distribution.com\/lsa\/product\/crewneck-sewn-letters-molleton-col-rond-avec-lettres-cousues\/","title":{"rendered":"Crewneck Sewn Letters \/ Molleton Col Rond avec lettres cousues"},"content":{"rendered":"<ul>\n<li>13-oz, 50\/50 cotton\/polyester fleece<\/li>\n<li>Compacted yarns to minimize shrinkage<\/li>\n<li>White sewn letters<\/li>\n<\/ul>\n<p>&#8212;<\/p>\n<ul>\n<li>13 oz, molleton 50\/50 coton\/polyester<\/li>\n<li>Fils compress\u00e9s pour minimiser le r\u00e9tr\u00e9cissement<\/li>\n<li>Lettres cousues blanches<\/li>\n<\/ul>\n<p>&#8212;<\/p>\n<p>&nbsp;<\/p>\n<p>&nbsp;<\/p>\n<p><img loading=\"lazy\" decoding=\"async\" class=\"alignnone wp-image-932 size-full\" src=\"https:\/\/shalouka-distribution.com\/lsa\/wp-content\/uploads\/sites\/6\/2020\/10\/ATCF2400.jpg\" alt=\"\" width=\"1342\" height=\"206\" srcset=\"https:\/\/shalouka-distribution.com\/lsa\/wp-content\/uploads\/sites\/6\/2020\/10\/ATCF2400.jpg 1342w, https:\/\/shalouka-distribution.com\/lsa\/wp-content\/uploads\/sites\/6\/2020\/10\/ATCF2400-300x46.jpg 300w, https:\/\/shalouka-distribution.com\/lsa\/wp-content\/uploads\/sites\/6\/2020\/10\/ATCF2400-1024x157.jpg 1024w, https:\/\/shalouka-distribution.com\/lsa\/wp-content\/uploads\/sites\/6\/2020\/10\/ATCF2400-768x118.jpg 768w, https:\/\/shalouka-distribution.com\/lsa\/wp-content\/uploads\/sites\/6\/2020\/10\/ATCF2400-800x123.jpg 800w\" sizes=\"auto, (max-width: 1342px) 100vw, 1342px\" \/><\/p>\n","protected":false},"excerpt":{"rendered":"<p>13-oz, 50\/50 cotton\/polyester fleece Compacted yarns to minimize shrinkage White sewn letters &#8212; 13 oz, molleton 50\/50 coton\/polyester Fils compress\u00e9s pour minimiser le r\u00e9tr\u00e9cissement Lettres cousues blanches &#8212; &nbsp; &nbsp;<\/p>\n","protected":false},"featured_media":1101,"template":"","meta":[],"product_brand":[],"product_cat":[15],"product_tag":[],"class_list":{"0":"post-1195","1":"product","2":"type-product","3":"status-publish","6":"product_cat-uncategorized","8":"first","9":"instock","10":"taxable","11":"shipping-taxable","12":"purchasable","13":"product-type-variable"},"_links":{"self":[{"href":"https:\/\/shalouka-distribution.com\/lsa\/wp-json\/wp\/v2\/product\/1195","targetHints":{"allow":["GET"]}}],"collection":[{"href":"https:\/\/shalouka-distribution.com\/lsa\/wp-json\/wp\/v2\/product"}],"about":[{"href":"https:\/\/shalouka-distribution.com\/lsa\/wp-json\/wp\/v2\/types\/product"}],"wp:featuredmedia":[{"embeddable":true,"href":"https:\/\/shalouka-distribution.com\/lsa\/wp-json\/wp\/v2\/media\/1101"}],"wp:attachment":[{"href":"https:\/\/shalouka-distribution.com\/lsa\/wp-json\/wp\/v2\/media?parent=1195"}],"wp:term":[{"taxonomy":"product_brand","embeddable":true,"href":"https:\/\/shalouka-distribution.com\/lsa\/wp-json\/wp\/v2\/product_brand?post=1195"},{"taxonomy":"product_cat","embeddable":true,"href":"https:\/\/shalouka-distribution.com\/lsa\/wp-json\/wp\/v2\/product_cat?post=1195"},{"taxonomy":"product_tag","embeddable":true,"href":"https:\/\/shalouka-distribution.com\/lsa\/wp-json\/wp\/v2\/product_tag?post=1195"}],"curies":[{"name":"wp","href":"https:\/\/api.w.org\/{rel}","templated":true}]}}