{"id":14,"date":"2020-10-06T22:11:46","date_gmt":"2020-10-07T02:11:46","guid":{"rendered":"https:\/\/shalouka-distribution.com\/lsa\/?post_type=product&#038;p=14"},"modified":"2024-06-26T10:13:45","modified_gmt":"2024-06-26T14:13:45","slug":"hoodie-panters-kangourou-panters","status":"publish","type":"product","link":"https:\/\/shalouka-distribution.com\/lsa\/product\/hoodie-panters-kangourou-panters\/","title":{"rendered":"Hoodie Panters \/ Kangourou Panters"},"content":{"rendered":"<div class=\"short-description\">\n<div class=\"std\">\n<ul>\n<li>13-oz, 50\/50 cotton\/polyester fleece<\/li>\n<li>Compacted yarns to minimize shrinkage<\/li>\n<li>Double lined hood with drawstring<\/li>\n<\/ul>\n<\/div>\n<div class=\"disclaimer\">&#8212;<\/div>\n<div>\n<ul>\n<li>13 oz, molleton 50\/50 coton\/polyester<\/li>\n<li>Fils compress\u00e9s pour minimiser le r\u00e9tr\u00e9cissement<\/li>\n<li>Capuchon doubl\u00e9 avec cordon<\/li>\n<\/ul>\n<p>&#8212;<\/p>\n<p><img loading=\"lazy\" decoding=\"async\" class=\"alignnone wp-image-930 size-full\" src=\"https:\/\/shalouka-distribution.com\/lsa\/wp-content\/uploads\/sites\/6\/2020\/10\/ATCF2500-simple.png\" alt=\"\" width=\"1350\" height=\"209\" srcset=\"https:\/\/shalouka-distribution.com\/lsa\/wp-content\/uploads\/sites\/6\/2020\/10\/ATCF2500-simple.png 1350w, https:\/\/shalouka-distribution.com\/lsa\/wp-content\/uploads\/sites\/6\/2020\/10\/ATCF2500-simple-300x46.png 300w, https:\/\/shalouka-distribution.com\/lsa\/wp-content\/uploads\/sites\/6\/2020\/10\/ATCF2500-simple-1024x159.png 1024w, https:\/\/shalouka-distribution.com\/lsa\/wp-content\/uploads\/sites\/6\/2020\/10\/ATCF2500-simple-768x119.png 768w, https:\/\/shalouka-distribution.com\/lsa\/wp-content\/uploads\/sites\/6\/2020\/10\/ATCF2500-simple-800x124.png 800w\" sizes=\"auto, (max-width: 1350px) 100vw, 1350px\" \/><\/p>\n<\/div>\n<\/div>\n","protected":false},"excerpt":{"rendered":"<p>13-oz, 50\/50 cotton\/polyester fleece Compacted yarns to minimize shrinkage Double lined hood with drawstring &#8212; 13 oz, molleton 50\/50 coton\/polyester Fils compress\u00e9s pour minimiser le r\u00e9tr\u00e9cissement Capuchon doubl\u00e9 avec cordon<\/p>\n","protected":false},"featured_media":1110,"template":"","meta":[],"product_brand":[],"product_cat":[15],"product_tag":[],"class_list":{"0":"post-14","1":"product","2":"type-product","3":"status-publish","6":"product_cat-uncategorized","8":"first","9":"instock","10":"taxable","11":"shipping-taxable","12":"purchasable","13":"product-type-variable"},"_links":{"self":[{"href":"https:\/\/shalouka-distribution.com\/lsa\/wp-json\/wp\/v2\/product\/14","targetHints":{"allow":["GET"]}}],"collection":[{"href":"https:\/\/shalouka-distribution.com\/lsa\/wp-json\/wp\/v2\/product"}],"about":[{"href":"https:\/\/shalouka-distribution.com\/lsa\/wp-json\/wp\/v2\/types\/product"}],"wp:featuredmedia":[{"embeddable":true,"href":"https:\/\/shalouka-distribution.com\/lsa\/wp-json\/wp\/v2\/media\/1110"}],"wp:attachment":[{"href":"https:\/\/shalouka-distribution.com\/lsa\/wp-json\/wp\/v2\/media?parent=14"}],"wp:term":[{"taxonomy":"product_brand","embeddable":true,"href":"https:\/\/shalouka-distribution.com\/lsa\/wp-json\/wp\/v2\/product_brand?post=14"},{"taxonomy":"product_cat","embeddable":true,"href":"https:\/\/shalouka-distribution.com\/lsa\/wp-json\/wp\/v2\/product_cat?post=14"},{"taxonomy":"product_tag","embeddable":true,"href":"https:\/\/shalouka-distribution.com\/lsa\/wp-json\/wp\/v2\/product_tag?post=14"}],"curies":[{"name":"wp","href":"https:\/\/api.w.org\/{rel}","templated":true}]}}