{"id":1813,"date":"2025-05-20T10:35:36","date_gmt":"2025-05-20T14:35:36","guid":{"rendered":"https:\/\/shalouka-distribution.com\/lsa\/?post_type=product&#038;p=1813"},"modified":"2025-05-20T10:36:38","modified_gmt":"2025-05-20T14:36:38","slug":"100-polyester-pants","status":"publish","type":"product","link":"https:\/\/shalouka-distribution.com\/lsa\/product\/100-polyester-pants\/","title":{"rendered":"100% Polyester Pants"},"content":{"rendered":"<div>\n<ul>\n<li>100% Polyester Performance Fleece<\/li>\n<li>7.2 oz\/yd2<\/li>\n<li>UPF rating &#8211; Excellent<\/li>\n<li>Tapered leg with side zippered pockets<\/li>\n<li>Leg cuff features modern soft ribbing<\/li>\n<li>Wider elastic comfort waist with flat draw cord<\/li>\n<\/ul>\n<\/div>\n<div>\n<p>&#8212;<\/p>\n<\/div>\n<ul>\n<li>100 % polaire performance polyester<\/li>\n<li>7,2 oz\/yd\u00b2<\/li>\n<li>Indice UPF &#8211; Excellent<\/li>\n<li>Caract\u00e9ristiques<\/li>\n<li>Jambe fusel\u00e9e avec poches lat\u00e9rales zipp\u00e9es<\/li>\n<li>Bas de jambe en bord-c\u00f4te doux et moderne<\/li>\n<li>Taille \u00e9lastique plus large et confortable avec cordon de serrage plat<\/li>\n<\/ul>\n<p>&#8212;<\/p>\n<p>&nbsp;<\/p>\n<p><img loading=\"lazy\" decoding=\"async\" class=\"alignnone wp-image-1821 size-full\" src=\"https:\/\/shalouka-distribution.com\/lsa\/wp-content\/uploads\/sites\/6\/2025\/05\/Size-M.png\" alt=\"\" width=\"807\" height=\"234\" srcset=\"https:\/\/shalouka-distribution.com\/lsa\/wp-content\/uploads\/sites\/6\/2025\/05\/Size-M.png 807w, https:\/\/shalouka-distribution.com\/lsa\/wp-content\/uploads\/sites\/6\/2025\/05\/Size-M-300x87.png 300w, https:\/\/shalouka-distribution.com\/lsa\/wp-content\/uploads\/sites\/6\/2025\/05\/Size-M-768x223.png 768w, https:\/\/shalouka-distribution.com\/lsa\/wp-content\/uploads\/sites\/6\/2025\/05\/Size-M-800x232.png 800w\" sizes=\"auto, (max-width: 807px) 100vw, 807px\" \/><\/p>\n","protected":false},"excerpt":{"rendered":"<p>100% Polyester Performance Fleece 7.2 oz\/yd2 UPF rating &#8211; Excellent Tapered leg with side zippered pockets Leg cuff features modern soft ribbing Wider elastic comfort waist with flat draw cord<\/p>\n","protected":false},"featured_media":1820,"template":"","meta":[],"product_brand":[],"product_cat":[15],"product_tag":[],"class_list":{"0":"post-1813","1":"product","2":"type-product","3":"status-publish","6":"product_cat-uncategorized","8":"first","9":"instock","10":"taxable","11":"shipping-taxable","12":"purchasable","13":"product-type-variable"},"_links":{"self":[{"href":"https:\/\/shalouka-distribution.com\/lsa\/wp-json\/wp\/v2\/product\/1813","targetHints":{"allow":["GET"]}}],"collection":[{"href":"https:\/\/shalouka-distribution.com\/lsa\/wp-json\/wp\/v2\/product"}],"about":[{"href":"https:\/\/shalouka-distribution.com\/lsa\/wp-json\/wp\/v2\/types\/product"}],"wp:featuredmedia":[{"embeddable":true,"href":"https:\/\/shalouka-distribution.com\/lsa\/wp-json\/wp\/v2\/media\/1820"}],"wp:attachment":[{"href":"https:\/\/shalouka-distribution.com\/lsa\/wp-json\/wp\/v2\/media?parent=1813"}],"wp:term":[{"taxonomy":"product_brand","embeddable":true,"href":"https:\/\/shalouka-distribution.com\/lsa\/wp-json\/wp\/v2\/product_brand?post=1813"},{"taxonomy":"product_cat","embeddable":true,"href":"https:\/\/shalouka-distribution.com\/lsa\/wp-json\/wp\/v2\/product_cat?post=1813"},{"taxonomy":"product_tag","embeddable":true,"href":"https:\/\/shalouka-distribution.com\/lsa\/wp-json\/wp\/v2\/product_tag?post=1813"}],"curies":[{"name":"wp","href":"https:\/\/api.w.org\/{rel}","templated":true}]}}